{"id":52,"date":"2023-01-26T23:02:04","date_gmt":"2023-01-26T23:02:04","guid":{"rendered":"https:\/\/www.badassfrenchie.dog\/?page_id=52"},"modified":"2023-06-30T00:57:54","modified_gmt":"2023-06-30T00:57:54","slug":"divulgacion-de-afiliados","status":"publish","type":"page","link":"https:\/\/www.badassfrenchie.dog\/es\/divulgacion-de-afiliados\/","title":{"rendered":"Divulgaci\u00f3n de Afiliados"},"content":{"rendered":"<p>Bienvenido a Badass Frenchie, somos un equipo de amantes de los bulldogs franceses (frenchies) dedicados a brindarles las mejores recomendaciones y opiniones sobre los productos para cuidar y mejorar la calidad de vida de sus compa\u00f1eros perrunos.<\/p>\n\n\n\n<p>En nuestro sitio web encontrar\u00e1 una amplia variedad de productos desde alimentos y juguetes hasta ropa y accesorios, todos los productos que recomendamos son seleccionados cuidadosamente para asegurar que obtiene el mejor valor por su dinero y ayudar a su perro a vivir feliz y saludable.<\/p>\n\n\n\n<p>Al hacer clic en los enlaces de afiliado incluidos en nuestras recomendaciones usted ser\u00e1 dirigido a la p\u00e1gina de detalles del producto en Amazon. Si decide comprar el producto recibiremos una comisi\u00f3n por la venta lo cual nos ayuda a mantener nuestro sitio web y seguir proporcion\u00e1ndole las mejores recomendaciones para su perro.<\/p>\n\n\n\n<p>Adem\u00e1s, tambi\u00e9n ofrecemos una secci\u00f3n de cupones y ofertas exclusivas para nuestros visitantes, aseg\u00farese de revisar esta secci\u00f3n regularmente para obtener a\u00fan m\u00e1s ahorros en sus compras en Amazon.<\/p>\n\n\n\n<p>Si tiene alguna pregunta o comentario, no dude en ponerse en contacto con nosotros. <\/p>\n\n\n\n<p>\u00a1Gracias por visitarnos!<\/p>\n\n\n\n<p>S\u00e9 feliz, se saludable, siempre Badass.<\/p>\n\n\n\n<p><\/p>","protected":false},"excerpt":{"rendered":"<p>Bienvenido a Badass Frenchie, somos un equipo de amantes de los bulldogs franceses (frenchies) dedicados a brindarles las mejores recomendaciones y opiniones sobre los productos para cuidar y mejorar la calidad de vida de sus compa\u00f1eros perrunos. En nuestro sitio [&hellip;]<\/p>","protected":false},"author":1,"featured_media":0,"parent":0,"menu_order":0,"comment_status":"closed","ping_status":"closed","template":"page-templates\/page_fullwidth.php","meta":{"footnotes":""},"class_list":["post-52","page","type-page","status-publish","hentry","clearfix"],"yoast_head":"<!-- This site is optimized with the Yoast SEO plugin v26.9 - https:\/\/yoast.com\/product\/yoast-seo-wordpress\/ -->\n<title>Divulgaci\u00f3n de Afiliados - Badass Frenchie<\/title>\n<meta name=\"robots\" content=\"index, follow, max-snippet:-1, max-image-preview:large, max-video-preview:-1\" \/>\n<link rel=\"canonical\" href=\"https:\/\/www.badassfrenchie.dog\/es\/divulgacion-de-afiliados\/\" \/>\n<meta property=\"og:locale\" content=\"es_ES\" \/>\n<meta property=\"og:type\" content=\"article\" \/>\n<meta property=\"og:title\" content=\"Divulgaci\u00f3n de Afiliados - Badass Frenchie\" \/>\n<meta property=\"og:description\" content=\"Bienvenido a Badass Frenchie, somos un equipo de amantes de los bulldogs franceses (frenchies) dedicados a brindarles las mejores recomendaciones y opiniones sobre los productos para cuidar y mejorar la calidad de vida de sus compa\u00f1eros perrunos. En nuestro sitio [&hellip;]\" \/>\n<meta property=\"og:url\" content=\"https:\/\/www.badassfrenchie.dog\/es\/divulgacion-de-afiliados\/\" \/>\n<meta property=\"og:site_name\" content=\"Badass Frenchie\" \/>\n<meta property=\"article:modified_time\" content=\"2023-06-30T00:57:54+00:00\" \/>\n<meta name=\"twitter:card\" content=\"summary_large_image\" \/>\n<meta name=\"twitter:label1\" content=\"Tiempo de lectura\" \/>\n\t<meta name=\"twitter:data1\" content=\"1 minuto\" \/>\n<script type=\"application\/ld+json\" class=\"yoast-schema-graph\">{\"@context\":\"https:\/\/schema.org\",\"@graph\":[{\"@type\":\"WebPage\",\"@id\":\"https:\/\/www.badassfrenchie.dog\/divulgacion-de-afiliados\/\",\"url\":\"https:\/\/www.badassfrenchie.dog\/divulgacion-de-afiliados\/\",\"name\":\"Divulgaci\u00f3n de Afiliados - Badass Frenchie\",\"isPartOf\":{\"@id\":\"https:\/\/www.badassfrenchie.dog\/#website\"},\"datePublished\":\"2023-01-26T23:02:04+00:00\",\"dateModified\":\"2023-06-30T00:57:54+00:00\",\"breadcrumb\":{\"@id\":\"https:\/\/www.badassfrenchie.dog\/divulgacion-de-afiliados\/#breadcrumb\"},\"inLanguage\":\"es\",\"potentialAction\":[{\"@type\":\"ReadAction\",\"target\":[\"https:\/\/www.badassfrenchie.dog\/divulgacion-de-afiliados\/\"]}]},{\"@type\":\"BreadcrumbList\",\"@id\":\"https:\/\/www.badassfrenchie.dog\/divulgacion-de-afiliados\/#breadcrumb\",\"itemListElement\":[{\"@type\":\"ListItem\",\"position\":1,\"name\":\"Home\",\"item\":\"https:\/\/www.badassfrenchie.dog\/\"},{\"@type\":\"ListItem\",\"position\":2,\"name\":\"Divulgaci\u00f3n de Afiliados\"}]},{\"@type\":\"WebSite\",\"@id\":\"https:\/\/www.badassfrenchie.dog\/#website\",\"url\":\"https:\/\/www.badassfrenchie.dog\/\",\"name\":\"Badass Frenchie\",\"description\":\"\",\"publisher\":{\"@id\":\"https:\/\/www.badassfrenchie.dog\/#organization\"},\"potentialAction\":[{\"@type\":\"SearchAction\",\"target\":{\"@type\":\"EntryPoint\",\"urlTemplate\":\"https:\/\/www.badassfrenchie.dog\/?s={search_term_string}\"},\"query-input\":{\"@type\":\"PropertyValueSpecification\",\"valueRequired\":true,\"valueName\":\"search_term_string\"}}],\"inLanguage\":\"es\"},{\"@type\":\"Organization\",\"@id\":\"https:\/\/www.badassfrenchie.dog\/#organization\",\"name\":\"Badass Frenchie\",\"url\":\"https:\/\/www.badassfrenchie.dog\/\",\"logo\":{\"@type\":\"ImageObject\",\"inLanguage\":\"es\",\"@id\":\"https:\/\/www.badassfrenchie.dog\/#\/schema\/logo\/image\/\",\"url\":\"https:\/\/www.badassfrenchie.dog\/wp-content\/uploads\/2023\/01\/cropped-Badass-Final-files-01.png\",\"contentUrl\":\"https:\/\/www.badassfrenchie.dog\/wp-content\/uploads\/2023\/01\/cropped-Badass-Final-files-01.png\",\"width\":200,\"height\":86,\"caption\":\"Badass Frenchie\"},\"image\":{\"@id\":\"https:\/\/www.badassfrenchie.dog\/#\/schema\/logo\/image\/\"}}]}<\/script>\n<!-- \/ Yoast SEO plugin. -->","yoast_head_json":{"title":"Divulgaci\u00f3n de Afiliados - Badass Frenchie","robots":{"index":"index","follow":"follow","max-snippet":"max-snippet:-1","max-image-preview":"max-image-preview:large","max-video-preview":"max-video-preview:-1"},"canonical":"https:\/\/www.badassfrenchie.dog\/es\/divulgacion-de-afiliados\/","og_locale":"es_ES","og_type":"article","og_title":"Divulgaci\u00f3n de Afiliados - Badass Frenchie","og_description":"Bienvenido a Badass Frenchie, somos un equipo de amantes de los bulldogs franceses (frenchies) dedicados a brindarles las mejores recomendaciones y opiniones sobre los productos para cuidar y mejorar la calidad de vida de sus compa\u00f1eros perrunos. En nuestro sitio [&hellip;]","og_url":"https:\/\/www.badassfrenchie.dog\/es\/divulgacion-de-afiliados\/","og_site_name":"Badass Frenchie","article_modified_time":"2023-06-30T00:57:54+00:00","twitter_card":"summary_large_image","twitter_misc":{"Tiempo de lectura":"1 minuto"},"schema":{"@context":"https:\/\/schema.org","@graph":[{"@type":"WebPage","@id":"https:\/\/www.badassfrenchie.dog\/divulgacion-de-afiliados\/","url":"https:\/\/www.badassfrenchie.dog\/divulgacion-de-afiliados\/","name":"Divulgaci\u00f3n de Afiliados - Badass Frenchie","isPartOf":{"@id":"https:\/\/www.badassfrenchie.dog\/#website"},"datePublished":"2023-01-26T23:02:04+00:00","dateModified":"2023-06-30T00:57:54+00:00","breadcrumb":{"@id":"https:\/\/www.badassfrenchie.dog\/divulgacion-de-afiliados\/#breadcrumb"},"inLanguage":"es","potentialAction":[{"@type":"ReadAction","target":["https:\/\/www.badassfrenchie.dog\/divulgacion-de-afiliados\/"]}]},{"@type":"BreadcrumbList","@id":"https:\/\/www.badassfrenchie.dog\/divulgacion-de-afiliados\/#breadcrumb","itemListElement":[{"@type":"ListItem","position":1,"name":"Home","item":"https:\/\/www.badassfrenchie.dog\/"},{"@type":"ListItem","position":2,"name":"Divulgaci\u00f3n de Afiliados"}]},{"@type":"WebSite","@id":"https:\/\/www.badassfrenchie.dog\/#website","url":"https:\/\/www.badassfrenchie.dog\/","name":"Badass Frenchie","description":"","publisher":{"@id":"https:\/\/www.badassfrenchie.dog\/#organization"},"potentialAction":[{"@type":"SearchAction","target":{"@type":"EntryPoint","urlTemplate":"https:\/\/www.badassfrenchie.dog\/?s={search_term_string}"},"query-input":{"@type":"PropertyValueSpecification","valueRequired":true,"valueName":"search_term_string"}}],"inLanguage":"es"},{"@type":"Organization","@id":"https:\/\/www.badassfrenchie.dog\/#organization","name":"Badass Frenchie","url":"https:\/\/www.badassfrenchie.dog\/","logo":{"@type":"ImageObject","inLanguage":"es","@id":"https:\/\/www.badassfrenchie.dog\/#\/schema\/logo\/image\/","url":"https:\/\/www.badassfrenchie.dog\/wp-content\/uploads\/2023\/01\/cropped-Badass-Final-files-01.png","contentUrl":"https:\/\/www.badassfrenchie.dog\/wp-content\/uploads\/2023\/01\/cropped-Badass-Final-files-01.png","width":200,"height":86,"caption":"Badass Frenchie"},"image":{"@id":"https:\/\/www.badassfrenchie.dog\/#\/schema\/logo\/image\/"}}]}},"_links":{"self":[{"href":"https:\/\/www.badassfrenchie.dog\/es\/wp-json\/wp\/v2\/pages\/52","targetHints":{"allow":["GET"]}}],"collection":[{"href":"https:\/\/www.badassfrenchie.dog\/es\/wp-json\/wp\/v2\/pages"}],"about":[{"href":"https:\/\/www.badassfrenchie.dog\/es\/wp-json\/wp\/v2\/types\/page"}],"author":[{"embeddable":true,"href":"https:\/\/www.badassfrenchie.dog\/es\/wp-json\/wp\/v2\/users\/1"}],"replies":[{"embeddable":true,"href":"https:\/\/www.badassfrenchie.dog\/es\/wp-json\/wp\/v2\/comments?post=52"}],"version-history":[{"count":6,"href":"https:\/\/www.badassfrenchie.dog\/es\/wp-json\/wp\/v2\/pages\/52\/revisions"}],"predecessor-version":[{"id":95,"href":"https:\/\/www.badassfrenchie.dog\/es\/wp-json\/wp\/v2\/pages\/52\/revisions\/95"}],"wp:attachment":[{"href":"https:\/\/www.badassfrenchie.dog\/es\/wp-json\/wp\/v2\/media?parent=52"}],"curies":[{"name":"wp","href":"https:\/\/api.w.org\/{rel}","templated":true}]}}